{"id":101,"date":"2019-12-27T19:53:44","date_gmt":"2019-12-27T22:53:44","guid":{"rendered":"http:\/\/valuation-advisors.com\/?page_id=101"},"modified":"2020-05-19T11:45:50","modified_gmt":"2020-05-19T14:45:50","slug":"solucoes-de-investimento","status":"publish","type":"page","link":"https:\/\/valuation-advisors.com\/es\/solucoes-de-investimento\/","title":{"rendered":"Soluciones de Inversi\u00f3n"},"content":{"rendered":"\t\t<div data-elementor-type=\"wp-page\" data-elementor-id=\"101\" class=\"elementor elementor-101\" data-elementor-post-type=\"page\">\n\t\t\t\t\t\t<section class=\"elementor-section elementor-top-section elementor-element elementor-element-3bf544de elementor-section-height-min-height elementor-section-boxed elementor-section-height-default elementor-section-items-middle elementor-invisible\" data-id=\"3bf544de\" data-element_type=\"section\" data-e-type=\"section\" data-settings=\"{&quot;background_background&quot;:&quot;classic&quot;,&quot;animation&quot;:&quot;fadeIn&quot;}\">\n\t\t\t\t\t\t\t<div class=\"elementor-background-overlay\"><\/div>\n\t\t\t\t\t\t\t<div class=\"elementor-container elementor-column-gap-default\">\n\t\t\t\t\t<div class=\"elementor-column elementor-col-100 elementor-top-column elementor-element elementor-element-60895717\" data-id=\"60895717\" data-element_type=\"column\" data-e-type=\"column\">\n\t\t\t<div class=\"elementor-widget-wrap elementor-element-populated\">\n\t\t\t\t\t\t<div class=\"elementor-element elementor-element-5100628 elementor-invisible elementor-widget elementor-widget-heading\" data-id=\"5100628\" data-element_type=\"widget\" data-e-type=\"widget\" data-settings=\"{&quot;_animation&quot;:&quot;fadeInUp&quot;}\" data-widget_type=\"heading.default\">\n\t\t\t\t<div class=\"elementor-widget-container\">\n\t\t\t\t\t<h2 class=\"elementor-heading-title elementor-size-default\">SOLUCIONES INDIVIDUALES PARA CADA CLIENTE<\/h2>\t\t\t\t<\/div>\n\t\t\t\t<\/div>\n\t\t\t\t<div class=\"elementor-element elementor-element-2906ba5c elementor-widget-divider--view-line elementor-invisible elementor-widget elementor-widget-divider\" data-id=\"2906ba5c\" data-element_type=\"widget\" data-e-type=\"widget\" data-settings=\"{&quot;_animation&quot;:&quot;fadeInLeft&quot;}\" data-widget_type=\"divider.default\">\n\t\t\t\t<div class=\"elementor-widget-container\">\n\t\t\t\t\t\t\t<div class=\"elementor-divider\">\n\t\t\t<span class=\"elementor-divider-separator\">\n\t\t\t\t\t\t<\/span>\n\t\t<\/div>\n\t\t\t\t\t\t<\/div>\n\t\t\t\t<\/div>\n\t\t\t\t<div class=\"elementor-element elementor-element-524de694 elementor-invisible elementor-widget elementor-widget-text-editor\" data-id=\"524de694\" data-element_type=\"widget\" data-e-type=\"widget\" data-settings=\"{&quot;_animation&quot;:&quot;fadeInLeft&quot;}\" data-widget_type=\"text-editor.default\">\n\t\t\t\t<div class=\"elementor-widget-container\">\n\t\t\t\t\t\t\t\t\t<p>Cada cliente es \u00fanico. Sin embargo, antes de recomendar una estrategia de inversi\u00f3n, dedicamos todo el tiempo que sea necesario para comprender a nuestro cliente en general, sus diferentes objetivos y preferencias.<\/p>\t\t\t\t\t\t\t\t<\/div>\n\t\t\t\t<\/div>\n\t\t\t\t\t<\/div>\n\t\t<\/div>\n\t\t\t\t\t<\/div>\n\t\t<\/section>\n\t\t\t\t<section class=\"elementor-section elementor-top-section elementor-element elementor-element-380b5092 elementor-section-boxed elementor-section-height-default elementor-section-height-default\" data-id=\"380b5092\" data-element_type=\"section\" data-e-type=\"section\">\n\t\t\t\t\t\t<div class=\"elementor-container elementor-column-gap-default\">\n\t\t\t\t\t<div class=\"elementor-column elementor-col-100 elementor-top-column elementor-element elementor-element-113bbc9a\" data-id=\"113bbc9a\" data-element_type=\"column\" data-e-type=\"column\">\n\t\t\t<div class=\"elementor-widget-wrap elementor-element-populated\">\n\t\t\t\t\t\t<div class=\"elementor-element elementor-element-315e474c elementor-widget elementor-widget-text-editor\" data-id=\"315e474c\" data-element_type=\"widget\" data-e-type=\"widget\" data-widget_type=\"text-editor.default\">\n\t\t\t\t<div class=\"elementor-widget-container\">\n\t\t\t\t\t\t\t\t\t<p>La forma en que desea administrar sus inversiones y lo que necesita para alcanzar sus metas y sue\u00f1os son decisiones personales, por lo que nos enorgullece construir relaciones enfocadas en comprender sus necesidades financieras personales.<\/p><p>Combinando sus necesidades financieras con el conocimiento internacional, podemos crear una variedad de soluciones financieras para ayudarlo a administrar, preservar y aumentar sus activos con \u00e9xito.<\/p>\t\t\t\t\t\t\t\t<\/div>\n\t\t\t\t<\/div>\n\t\t\t\t\t<\/div>\n\t\t<\/div>\n\t\t\t\t\t<\/div>\n\t\t<\/section>\n\t\t\t\t<section class=\"elementor-section elementor-top-section elementor-element elementor-element-4e3925c8 elementor-section-boxed elementor-section-height-default elementor-section-height-default\" data-id=\"4e3925c8\" data-element_type=\"section\" data-e-type=\"section\" data-settings=\"{&quot;background_background&quot;:&quot;classic&quot;}\">\n\t\t\t\t\t\t<div class=\"elementor-container elementor-column-gap-default\">\n\t\t\t\t\t<div class=\"elementor-column elementor-col-50 elementor-top-column elementor-element elementor-element-658bf9d elementor-invisible\" data-id=\"658bf9d\" data-element_type=\"column\" data-e-type=\"column\" data-settings=\"{&quot;animation&quot;:&quot;fadeInUp&quot;}\">\n\t\t\t<div class=\"elementor-widget-wrap elementor-element-populated\">\n\t\t\t\t\t\t<section class=\"elementor-section elementor-inner-section elementor-element elementor-element-273e6dbc elementor-section-boxed elementor-section-height-default elementor-section-height-default elementor-invisible\" data-id=\"273e6dbc\" data-element_type=\"section\" data-e-type=\"section\" data-settings=\"{&quot;background_background&quot;:&quot;classic&quot;,&quot;animation&quot;:&quot;fadeInUp&quot;,&quot;animation_delay&quot;:300}\">\n\t\t\t\t\t\t<div class=\"elementor-container elementor-column-gap-default\">\n\t\t\t\t\t<div class=\"elementor-column elementor-col-100 elementor-inner-column elementor-element elementor-element-5d4b8cc1\" data-id=\"5d4b8cc1\" data-element_type=\"column\" data-e-type=\"column\">\n\t\t\t<div class=\"elementor-widget-wrap elementor-element-populated\">\n\t\t\t\t\t\t<div class=\"elementor-element elementor-element-4976e8f2 elementor-widget elementor-widget-text-editor\" data-id=\"4976e8f2\" data-element_type=\"widget\" data-e-type=\"widget\" data-widget_type=\"text-editor.default\">\n\t\t\t\t<div class=\"elementor-widget-container\">\n\t\t\t\t\t\t\t\t\t<div class=\"elementor-element elementor-element-4976e8f2 elementor-widget elementor-widget-text-editor\" data-id=\"4976e8f2\" data-element_type=\"widget\" data-widget_type=\"text-editor.default\"><div class=\"elementor-widget-container\"><div class=\"elementor-text-editor elementor-clearfix\"><p>\u00bfC\u00d3MO TRABAJAMOS CON NUESTROS CLIENTES?<\/p><\/div><\/div><\/div><div class=\"elementor-element elementor-element-3fe8f82b elementor-widget elementor-widget-divider\" data-id=\"3fe8f82b\" data-element_type=\"widget\" data-widget_type=\"divider.default\"><div class=\"elementor-widget-container\"><div class=\"elementor-divider\">\u00a0<\/div><\/div><\/div>\t\t\t\t\t\t\t\t<\/div>\n\t\t\t\t<\/div>\n\t\t\t\t<div class=\"elementor-element elementor-element-3fe8f82b elementor-widget-divider--view-line elementor-widget elementor-widget-divider\" data-id=\"3fe8f82b\" data-element_type=\"widget\" data-e-type=\"widget\" data-widget_type=\"divider.default\">\n\t\t\t\t<div class=\"elementor-widget-container\">\n\t\t\t\t\t\t\t<div class=\"elementor-divider\">\n\t\t\t<span class=\"elementor-divider-separator\">\n\t\t\t\t\t\t<\/span>\n\t\t<\/div>\n\t\t\t\t\t\t<\/div>\n\t\t\t\t<\/div>\n\t\t\t\t<div class=\"elementor-element elementor-element-2c6b8eee elementor-widget elementor-widget-text-editor\" data-id=\"2c6b8eee\" data-element_type=\"widget\" data-e-type=\"widget\" data-widget_type=\"text-editor.default\">\n\t\t\t\t<div class=\"elementor-widget-container\">\n\t\t\t\t\t\t\t\t\t<p>Cuando se convierta en cliente, su consultor le hablar\u00e1 sobre su estilo de vida, preferencias, necesidades de liquidez, tolerancia al riesgo, entre otros puntos importantes para obtener una imagen clara de sus necesidades. Por ejemplo, puede contratar nuestros servicios de manera discrecional, de consultor\u00eda, o contratar una combinaci\u00f3n de ambos.<\/p>\t\t\t\t\t\t\t\t<\/div>\n\t\t\t\t<\/div>\n\t\t\t\t\t<\/div>\n\t\t<\/div>\n\t\t\t\t\t<\/div>\n\t\t<\/section>\n\t\t\t\t\t<\/div>\n\t\t<\/div>\n\t\t\t\t<div class=\"elementor-column elementor-col-50 elementor-top-column elementor-element elementor-element-2d0bcce\" data-id=\"2d0bcce\" data-element_type=\"column\" data-e-type=\"column\">\n\t\t\t<div class=\"elementor-widget-wrap elementor-element-populated\">\n\t\t\t\t\t\t<div class=\"elementor-element elementor-element-2ff138ba elementor-hidden-phone elementor-invisible elementor-widget elementor-widget-heading\" data-id=\"2ff138ba\" data-element_type=\"widget\" data-e-type=\"widget\" data-settings=\"{&quot;_animation&quot;:&quot;fadeInRight&quot;}\" data-widget_type=\"heading.default\">\n\t\t\t\t<div class=\"elementor-widget-container\">\n\t\t\t\t\t<h2 class=\"elementor-heading-title elementor-size-default\">Soluciones<\/h2>\t\t\t\t<\/div>\n\t\t\t\t<\/div>\n\t\t\t\t<section class=\"elementor-section elementor-inner-section elementor-element elementor-element-f8422 elementor-section-boxed elementor-section-height-default elementor-section-height-default elementor-invisible\" data-id=\"f8422\" data-element_type=\"section\" data-e-type=\"section\" data-settings=\"{&quot;background_background&quot;:&quot;classic&quot;,&quot;animation&quot;:&quot;fadeInUp&quot;,&quot;animation_delay&quot;:300}\">\n\t\t\t\t\t\t<div class=\"elementor-container elementor-column-gap-default\">\n\t\t\t\t\t<div class=\"elementor-column elementor-col-100 elementor-inner-column elementor-element elementor-element-5b2757dd\" data-id=\"5b2757dd\" data-element_type=\"column\" data-e-type=\"column\">\n\t\t\t<div class=\"elementor-widget-wrap elementor-element-populated\">\n\t\t\t\t\t\t<div class=\"elementor-element elementor-element-3621e64 elementor-widget elementor-widget-text-editor\" data-id=\"3621e64\" data-element_type=\"widget\" data-e-type=\"widget\" data-widget_type=\"text-editor.default\">\n\t\t\t\t<div class=\"elementor-widget-container\">\n\t\t\t\t\t\t\t\t\t<p><span style=\"text-decoration: underline;\"><strong>Gesti\u00f3n discrecional de inversiones<\/strong><\/span><\/p><p>Delega a los profesionales de inversi\u00f3n la gesti\u00f3n regular de la cartera.<\/p><p><span style=\"text-decoration: underline;\"><strong>Servicios de consultor\u00eda<\/strong><\/span><\/p><p>Usted tendr\u00e1 participaci\u00f3n activa en la toma de decisiones di\u00e1rias que afectan su cartera. Sea cual sea el servicio a escoger, usted tendr\u00e1 un acceso amplio y exclusivo a opciones de inversi\u00f3n tales como:<\/p><p><span style=\"text-decoration: underline;\"><strong>Fondos de inversi\u00f3n<\/strong><\/span><\/p><p>Diversifique su cartera a trav\u00e9s de fondos administrados profesionalmente.<\/p><p><span style=\"text-decoration: underline;\"><strong>Productos estructurados<\/strong><\/span><\/p><p>Preserve y construya sus activos con una inversi\u00f3n de capital protegida.<\/p>\t\t\t\t\t\t\t\t<\/div>\n\t\t\t\t<\/div>\n\t\t\t\t\t<\/div>\n\t\t<\/div>\n\t\t\t\t\t<\/div>\n\t\t<\/section>\n\t\t\t\t\t<\/div>\n\t\t<\/div>\n\t\t\t\t\t<\/div>\n\t\t<\/section>\n\t\t\t\t<\/div>\n\t\t","protected":false},"excerpt":{"rendered":"<p>SOLUCIONES INDIVIDUALES PARA CADA CLIENTE Cada cliente es \u00fanico. Sin embargo, antes de recomendar una estrategia de inversi\u00f3n, dedicamos todo el tiempo que sea necesario para comprender a nuestro cliente en general, sus diferentes objetivos y preferencias. La forma en que desea administrar sus inversiones y lo que necesita para alcanzar sus metas y sue\u00f1os [&hellip;]<\/p>\n","protected":false},"author":1,"featured_media":0,"parent":0,"menu_order":0,"comment_status":"closed","ping_status":"closed","template":"elementor_header_footer","meta":{"footnotes":""},"class_list":["post-101","page","type-page","status-publish","hentry"],"_links":{"self":[{"href":"https:\/\/valuation-advisors.com\/es\/wp-json\/wp\/v2\/pages\/101","targetHints":{"allow":["GET"]}}],"collection":[{"href":"https:\/\/valuation-advisors.com\/es\/wp-json\/wp\/v2\/pages"}],"about":[{"href":"https:\/\/valuation-advisors.com\/es\/wp-json\/wp\/v2\/types\/page"}],"author":[{"embeddable":true,"href":"https:\/\/valuation-advisors.com\/es\/wp-json\/wp\/v2\/users\/1"}],"replies":[{"embeddable":true,"href":"https:\/\/valuation-advisors.com\/es\/wp-json\/wp\/v2\/comments?post=101"}],"version-history":[{"count":26,"href":"https:\/\/valuation-advisors.com\/es\/wp-json\/wp\/v2\/pages\/101\/revisions"}],"predecessor-version":[{"id":294,"href":"https:\/\/valuation-advisors.com\/es\/wp-json\/wp\/v2\/pages\/101\/revisions\/294"}],"wp:attachment":[{"href":"https:\/\/valuation-advisors.com\/es\/wp-json\/wp\/v2\/media?parent=101"}],"curies":[{"name":"wp","href":"https:\/\/api.w.org\/{rel}","templated":true}]}}