{"id":236,"date":"2020-04-02T17:23:01","date_gmt":"2020-04-02T20:23:01","guid":{"rendered":"http:\/\/valuation-advisors.com\/?page_id=236"},"modified":"2025-08-12T12:19:13","modified_gmt":"2025-08-12T15:19:13","slug":"modelo-de-gestion-2","status":"publish","type":"page","link":"https:\/\/valuation-advisors.com\/pt\/modelo-de-gestion-2\/","title":{"rendered":"Modelo de Gest\u00e3o"},"content":{"rendered":"<div data-elementor-type=\"wp-page\" data-elementor-id=\"236\" class=\"elementor elementor-236\" data-elementor-post-type=\"page\">\n\t\t\t\t\t\t<section class=\"elementor-section elementor-top-section elementor-element elementor-element-52cea32c elementor-section-content-middle elementor-section-boxed elementor-section-height-default elementor-section-height-default\" data-id=\"52cea32c\" data-element_type=\"section\" data-e-type=\"section\" data-settings=\"{&quot;background_background&quot;:&quot;classic&quot;}\">\n\t\t\t\t\t\t<div class=\"elementor-container elementor-column-gap-default\">\n\t\t\t\t\t<div class=\"elementor-column elementor-col-50 elementor-top-column elementor-element elementor-element-64890dc3 elementor-invisible\" data-id=\"64890dc3\" data-element_type=\"column\" data-e-type=\"column\" data-settings=\"{&quot;animation&quot;:&quot;fadeInUp&quot;}\">\n\t\t\t<div class=\"elementor-widget-wrap elementor-element-populated\">\n\t\t\t\t\t\t<div class=\"elementor-element elementor-element-7ea032d0 elementor-invisible elementor-widget elementor-widget-heading\" data-id=\"7ea032d0\" data-element_type=\"widget\" data-e-type=\"widget\" data-settings=\"{&quot;_animation&quot;:&quot;fadeIn&quot;}\" data-widget_type=\"heading.default\">\n\t\t\t\t<div class=\"elementor-widget-container\">\n\t\t\t\t\t<h2 class=\"elementor-heading-title elementor-size-default\">Modelo<br>de Gest\u00e3o<\/h2>\t\t\t\t<\/div>\n\t\t\t\t<\/div>\n\t\t\t\t\t<\/div>\n\t\t<\/div>\n\t\t\t\t<div class=\"elementor-column elementor-col-50 elementor-top-column elementor-element elementor-element-2b5dd302\" data-id=\"2b5dd302\" data-element_type=\"column\" data-e-type=\"column\">\n\t\t\t<div class=\"elementor-widget-wrap elementor-element-populated\">\n\t\t\t\t\t\t<div class=\"elementor-element elementor-element-542470f4 elementor-invisible elementor-widget elementor-widget-image\" data-id=\"542470f4\" data-element_type=\"widget\" data-e-type=\"widget\" data-settings=\"{&quot;_animation&quot;:&quot;zoomIn&quot;}\" data-widget_type=\"image.default\">\n\t\t\t\t<div class=\"elementor-widget-container\">\n\t\t\t\t\t\t\t\t\t\t\t\t\t\t\t<img fetchpriority=\"high\" decoding=\"async\" width=\"728\" height=\"614\" src=\"https:\/\/valuation-advisors.com\/wp-content\/uploads\/2019\/12\/modelo-de-gestao.png\" class=\"attachment-large size-large wp-image-259\" alt=\"\" srcset=\"https:\/\/valuation-advisors.com\/wp-content\/uploads\/2019\/12\/modelo-de-gestao.png 720w, https:\/\/valuation-advisors.com\/wp-content\/uploads\/2019\/12\/modelo-de-gestao-300x256.png 300w\" sizes=\"(max-width: 728px) 100vw, 728px\" \/>\t\t\t\t\t\t\t\t\t\t\t\t\t\t\t<\/div>\n\t\t\t\t<\/div>\n\t\t\t\t\t<\/div>\n\t\t<\/div>\n\t\t\t\t\t<\/div>\n\t\t<\/section>\n\t\t\t\t<section class=\"elementor-section elementor-top-section elementor-element elementor-element-1aee588a elementor-section-content-middle elementor-section-boxed elementor-section-height-default elementor-section-height-default\" data-id=\"1aee588a\" data-element_type=\"section\" data-e-type=\"section\" data-settings=\"{&quot;background_background&quot;:&quot;classic&quot;}\">\n\t\t\t\t\t\t<div class=\"elementor-container elementor-column-gap-no\">\n\t\t\t\t\t<div class=\"elementor-column elementor-col-100 elementor-top-column elementor-element elementor-element-49e8b0eb\" data-id=\"49e8b0eb\" data-element_type=\"column\" data-e-type=\"column\">\n\t\t\t<div class=\"elementor-widget-wrap elementor-element-populated\">\n\t\t\t\t\t\t<section class=\"elementor-section elementor-inner-section elementor-element elementor-element-76fc6da8 elementor-section-boxed elementor-section-height-default elementor-section-height-default\" data-id=\"76fc6da8\" data-element_type=\"section\" data-e-type=\"section\">\n\t\t\t\t\t\t<div class=\"elementor-container elementor-column-gap-default\">\n\t\t\t\t\t<div class=\"elementor-column elementor-col-50 elementor-inner-column elementor-element elementor-element-3d0b6455 elementor-invisible\" data-id=\"3d0b6455\" data-element_type=\"column\" data-e-type=\"column\" data-settings=\"{&quot;background_background&quot;:&quot;classic&quot;,&quot;animation&quot;:&quot;fadeInUp&quot;}\">\n\t\t\t<div class=\"elementor-widget-wrap elementor-element-populated\">\n\t\t\t\t\t\t<div class=\"elementor-element elementor-element-3bcfce0 elementor-widget__width-auto elementor-invisible elementor-widget elementor-widget-heading\" data-id=\"3bcfce0\" data-element_type=\"widget\" data-e-type=\"widget\" data-settings=\"{&quot;_animation&quot;:&quot;fadeInRight&quot;}\" data-widget_type=\"heading.default\">\n\t\t\t\t<div class=\"elementor-widget-container\">\n\t\t\t\t\t<h2 class=\"elementor-heading-title elementor-size-default\">1.<\/h2>\t\t\t\t<\/div>\n\t\t\t\t<\/div>\n\t\t\t\t<div class=\"elementor-element elementor-element-97511ec elementor-widget__width-auto elementor-invisible elementor-widget elementor-widget-text-editor\" data-id=\"97511ec\" data-element_type=\"widget\" data-e-type=\"widget\" data-settings=\"{&quot;_animation&quot;:&quot;fadeInRight&quot;}\" data-widget_type=\"text-editor.default\">\n\t\t\t\t<div class=\"elementor-widget-container\">\n\t\t\t\t\t\t\t\t\t<p>Estrat\u00e9gia Personalizada<\/p>\t\t\t\t\t\t\t\t<\/div>\n\t\t\t\t<\/div>\n\t\t\t\t<div class=\"elementor-element elementor-element-13f6a9d elementor-widget elementor-widget-text-editor\" data-id=\"13f6a9d\" data-element_type=\"widget\" data-e-type=\"widget\" data-widget_type=\"text-editor.default\">\n\t\t\t\t<div class=\"elementor-widget-container\">\n\t\t\t\t\t\t\t\t\t<p>Como primeiro passo, a equipe da Valuation Advisors procura conhecer profundamente o cliente, entendendo seu momento de vida, analisando seu perfil de risco, sua experie\u0302ncia e histo\u0301rico como investidor, seus objetivos, horizontes de investimentos e prioridades.<\/p><p>Esse entendimento, combinado com uma ana\u0301lise do cena\u0301rio macroecono\u0302mico, permite o desenvolvimento de uma estrate\u0301gia de investimentos personalizada, um plano especi\u0301fico para o cliente atingir seus objetivos.<\/p><p>Em busca de alinhamento de interesse com nossos clientes e maior eficie\u0302ncia de gesta\u0303o, trabalhamos com conceito de arquitetura aberta, avaliando oportunidades de investimento disponi\u0301veis no mercado em todas as classes de ativos.<\/p><p>Fazemos uma rigorosa ana\u0301lise de gestores e dos melhores produtos em suas respectivas categorias.<\/p><p>La eleccio\u0301n y aprobacio\u0301n de nuestros socios comerciales se realiza mediante un riguroso y minucioso proceso de \u00abdue diligence\u00bb, en el que valoramos a los gestores que presentan una identidad clara, so\u0301lida reputacio\u0301n y un alto nivel de especializacio\u0301n y transparencia.<\/p>\t\t\t\t\t\t\t\t<\/div>\n\t\t\t\t<\/div>\n\t\t\t\t\t<\/div>\n\t\t<\/div>\n\t\t\t\t<div class=\"elementor-column elementor-col-50 elementor-inner-column elementor-element elementor-element-3025e51e elementor-invisible\" data-id=\"3025e51e\" data-element_type=\"column\" data-e-type=\"column\" data-settings=\"{&quot;background_background&quot;:&quot;classic&quot;,&quot;animation&quot;:&quot;fadeInUp&quot;,&quot;animation_delay&quot;:300}\">\n\t\t\t<div class=\"elementor-widget-wrap elementor-element-populated\">\n\t\t\t\t\t\t<div class=\"elementor-element elementor-element-5d434ae elementor-widget__width-auto elementor-invisible elementor-widget elementor-widget-heading\" data-id=\"5d434ae\" data-element_type=\"widget\" data-e-type=\"widget\" data-settings=\"{&quot;_animation&quot;:&quot;fadeInRight&quot;}\" data-widget_type=\"heading.default\">\n\t\t\t\t<div class=\"elementor-widget-container\">\n\t\t\t\t\t<h2 class=\"elementor-heading-title elementor-size-default\">2.<\/h2>\t\t\t\t<\/div>\n\t\t\t\t<\/div>\n\t\t\t\t<div class=\"elementor-element elementor-element-184cf10 elementor-widget__width-auto elementor-invisible elementor-widget elementor-widget-text-editor\" data-id=\"184cf10\" data-element_type=\"widget\" data-e-type=\"widget\" data-settings=\"{&quot;_animation&quot;:&quot;fadeInRight&quot;,&quot;_animation_delay&quot;:300}\" data-widget_type=\"text-editor.default\">\n\t\t\t\t<div class=\"elementor-widget-container\">\n\t\t\t\t\t\t\t\t\t<p>Gest\u00e3o Personalizada<br \/>DE PORTF\u00d3LIO<\/p>\t\t\t\t\t\t\t\t<\/div>\n\t\t\t\t<\/div>\n\t\t\t\t<div class=\"elementor-element elementor-element-3c9cd8f4 elementor-widget elementor-widget-text-editor\" data-id=\"3c9cd8f4\" data-element_type=\"widget\" data-e-type=\"widget\" data-widget_type=\"text-editor.default\">\n\t\t\t\t<div class=\"elementor-widget-container\">\n\t\t\t\t\t\t\t\t\t<p>O pro\u0301ximo passo e\u0301 montar o portfo\u0301lio mais eficiente para a estrate\u0301gia desejada, de acordo como o mandato estabelecido. Executamos as ordens de compra de ativos com agilidade e autonomia e, a partir dai\u0301, passamos a fazer o acompanhamento e o controle da carteira.<\/p><p>Nosso trabalho inclui um acompanhamento permanente dos ativos selecionados para os portfo\u0301lios. Sempre que necessa\u0301rio, por mudanc\u0327as de cena\u0301rio ou dos objetivos do cliente, realizamos uma revisa\u0303o das estrate\u0301gias adotadas e um rebalanceamento dina\u0302mico do portfo\u0301lio.<\/p>\t\t\t\t\t\t\t\t<\/div>\n\t\t\t\t<\/div>\n\t\t\t\t<div class=\"elementor-element elementor-element-3c5edaa elementor-widget-divider--view-line elementor-widget elementor-widget-divider\" data-id=\"3c5edaa\" data-element_type=\"widget\" data-e-type=\"widget\" data-widget_type=\"divider.default\">\n\t\t\t\t<div class=\"elementor-widget-container\">\n\t\t\t\t\t\t\t<div class=\"elementor-divider\">\n\t\t\t<span class=\"elementor-divider-separator\">\n\t\t\t\t\t\t<\/span>\n\t\t<\/div>\n\t\t\t\t\t\t<\/div>\n\t\t\t\t<\/div>\n\t\t\t\t<div class=\"elementor-element elementor-element-815c2c0 elementor-widget elementor-widget-text-editor\" data-id=\"815c2c0\" data-element_type=\"widget\" data-e-type=\"widget\" data-widget_type=\"text-editor.default\">\n\t\t\t\t<div class=\"elementor-widget-container\">\n\t\t\t\t\t\t\t\t\t<p>A empresa utiliza metodologia pr\u00f3pria de avalia\u00e7\u00e3o de risco e de balanceamento dos portf\u00f3lios. A metodologia do \u201crating\u201d de risco torna a gest\u00e3o de risco mais transparente para os nossos clientes\u00a0<\/p>\t\t\t\t\t\t\t\t<\/div>\n\t\t\t\t<\/div>\n\t\t\t\t\t<\/div>\n\t\t<\/div>\n\t\t\t\t\t<\/div>\n\t\t<\/section>\n\t\t\t\t<section class=\"elementor-section elementor-inner-section elementor-element elementor-element-be6d450 elementor-section-boxed elementor-section-height-default elementor-section-height-default\" data-id=\"be6d450\" data-element_type=\"section\" data-e-type=\"section\">\n\t\t\t\t\t\t<div class=\"elementor-container elementor-column-gap-default\">\n\t\t\t\t\t<div class=\"elementor-column elementor-col-50 elementor-inner-column elementor-element elementor-element-18b2c72 elementor-invisible\" data-id=\"18b2c72\" data-element_type=\"column\" data-e-type=\"column\" data-settings=\"{&quot;background_background&quot;:&quot;classic&quot;,&quot;animation&quot;:&quot;fadeInUp&quot;}\">\n\t\t\t<div class=\"elementor-widget-wrap elementor-element-populated\">\n\t\t\t\t\t\t<div class=\"elementor-element elementor-element-d9434cf elementor-widget__width-auto elementor-invisible elementor-widget elementor-widget-heading\" data-id=\"d9434cf\" data-element_type=\"widget\" data-e-type=\"widget\" data-settings=\"{&quot;_animation&quot;:&quot;fadeInRight&quot;}\" data-widget_type=\"heading.default\">\n\t\t\t\t<div class=\"elementor-widget-container\">\n\t\t\t\t\t<h2 class=\"elementor-heading-title elementor-size-default\">3.<\/h2>\t\t\t\t<\/div>\n\t\t\t\t<\/div>\n\t\t\t\t<div class=\"elementor-element elementor-element-00d6158 elementor-widget__width-auto elementor-invisible elementor-widget elementor-widget-text-editor\" data-id=\"00d6158\" data-element_type=\"widget\" data-e-type=\"widget\" data-settings=\"{&quot;_animation&quot;:&quot;fadeInRight&quot;}\" data-widget_type=\"text-editor.default\">\n\t\t\t\t<div class=\"elementor-widget-container\">\n\t\t\t\t\t\t\t\t\t<p>PRESERVA\u00c7\u00c3O DE CAPITAL<\/p>\t\t\t\t\t\t\t\t<\/div>\n\t\t\t\t<\/div>\n\t\t\t\t<div class=\"elementor-element elementor-element-3121b9d elementor-widget elementor-widget-text-editor\" data-id=\"3121b9d\" data-element_type=\"widget\" data-e-type=\"widget\" data-widget_type=\"text-editor.default\">\n\t\t\t\t<div class=\"elementor-widget-container\">\n\t\t\t\t\t\t\t\t\t<p>A busca de rentabilidade esta\u0301 associada a risco. Por isso, uma informac\u0327a\u0303o bastante valorizada por nossos clientes e\u0301 relativa ao risco do seu portfo\u0301lio.<\/p>\t\t\t\t\t\t\t\t<\/div>\n\t\t\t\t<\/div>\n\t\t\t\t<div class=\"elementor-element elementor-element-7d26be0 elementor-widget-divider--view-line elementor-widget elementor-widget-divider\" data-id=\"7d26be0\" data-element_type=\"widget\" data-e-type=\"widget\" data-widget_type=\"divider.default\">\n\t\t\t\t<div class=\"elementor-widget-container\">\n\t\t\t\t\t\t\t<div class=\"elementor-divider\">\n\t\t\t<span class=\"elementor-divider-separator\">\n\t\t\t\t\t\t<\/span>\n\t\t<\/div>\n\t\t\t\t\t\t<\/div>\n\t\t\t\t<\/div>\n\t\t\t\t<div class=\"elementor-element elementor-element-43223ec elementor-widget elementor-widget-text-editor\" data-id=\"43223ec\" data-element_type=\"widget\" data-e-type=\"widget\" data-widget_type=\"text-editor.default\">\n\t\t\t\t<div class=\"elementor-widget-container\">\n\t\t\t\t\t\t\t\t\t<p>A Valuation Advisors atua com uma estrutura eficiente e focada em proporcionar um atendimento personalizado, pro\u0301ximo e exclusivo aos clientes.<\/p>\t\t\t\t\t\t\t\t<\/div>\n\t\t\t\t<\/div>\n\t\t\t\t\t<\/div>\n\t\t<\/div>\n\t\t\t\t<div class=\"elementor-column elementor-col-50 elementor-inner-column elementor-element elementor-element-1747184 elementor-invisible\" data-id=\"1747184\" data-element_type=\"column\" data-e-type=\"column\" data-settings=\"{&quot;background_background&quot;:&quot;classic&quot;,&quot;animation&quot;:&quot;fadeInUp&quot;,&quot;animation_delay&quot;:300}\">\n\t\t\t<div class=\"elementor-widget-wrap elementor-element-populated\">\n\t\t\t\t\t\t<div class=\"elementor-element elementor-element-e0581b8 elementor-widget__width-auto elementor-invisible elementor-widget elementor-widget-heading\" data-id=\"e0581b8\" data-element_type=\"widget\" data-e-type=\"widget\" data-settings=\"{&quot;_animation&quot;:&quot;fadeInRight&quot;}\" data-widget_type=\"heading.default\">\n\t\t\t\t<div class=\"elementor-widget-container\">\n\t\t\t\t\t<h2 class=\"elementor-heading-title elementor-size-default\">4.<\/h2>\t\t\t\t<\/div>\n\t\t\t\t<\/div>\n\t\t\t\t<div class=\"elementor-element elementor-element-45d1636 elementor-widget__width-auto elementor-invisible elementor-widget elementor-widget-text-editor\" data-id=\"45d1636\" data-element_type=\"widget\" data-e-type=\"widget\" data-settings=\"{&quot;_animation&quot;:&quot;fadeInRight&quot;,&quot;_animation_delay&quot;:300}\" data-widget_type=\"text-editor.default\">\n\t\t\t\t<div class=\"elementor-widget-container\">\n\t\t\t\t\t\t\t\t\t<p class=\"translation-block\">INDEPEND\u00caNCIA <br>\nE TRANSPAR\u00caNCIA<\/p>\t\t\t\t\t\t\t\t<\/div>\n\t\t\t\t<\/div>\n\t\t\t\t<div class=\"elementor-element elementor-element-173f7b6 elementor-widget elementor-widget-text-editor\" data-id=\"173f7b6\" data-element_type=\"widget\" data-e-type=\"widget\" data-widget_type=\"text-editor.default\">\n\t\t\t\t<div class=\"elementor-widget-container\">\n\t\t\t\t\t\t\t\t\t<p>A Valuation Advisors oferece servic\u0327os de gesta\u0303o de investimentos, e na\u0303o distribuic\u0327a\u0303o de produtos financeiros. Atuamos sem conflito de interesse, pois na\u0303o temos posic\u0327a\u0303o pro\u0301pria de tesouraria.<\/p><p>O processo de selec\u0327a\u0303o e alocac\u0327a\u0303o de ativos e\u0301 feito de forma clara para que o cliente tenha total seguranc\u0327a de que o resultado final vai estar alinhado ao seu perfil e aos seus objetivos.<\/p><p>Os investimentos podem ser realizados atrave\u0301s de carteira administrada, fundos de investimentos, pape\u0301is de renda fixa, ac\u0327o\u0303es, etc.<\/p><p>Relato\u0301rios de fa\u0301cil entendimento consolidam a posic\u0327a\u0303o do cliente e facilitam o acompanhamento de sua carteira.<\/p>\t\t\t\t\t\t\t\t<\/div>\n\t\t\t\t<\/div>\n\t\t\t\t\t<\/div>\n\t\t<\/div>\n\t\t\t\t\t<\/div>\n\t\t<\/section>\n\t\t\t\t\t<\/div>\n\t\t<\/div>\n\t\t\t\t\t<\/div>\n\t\t<\/section>\n\t\t\t\t<\/div>","protected":false},"excerpt":{"rendered":"<p>Modelode Gesti\u00f3n 1. ESTRATEGIA PERSONALIZADA Como primer paso, el equipo de Valuation Advisors se enfoca en conocer profundamente al cliente, considerando factores como etapa de vida en que se encuentre, analizando su perfil de riesgo, su experiencia e historia como inversor, sus objetivos, expectativas de inversiones y prioridades. Este entendimiento, combinado con un ana\u0301lisis del [&hellip;]<\/p>\n","protected":false},"author":1,"featured_media":0,"parent":0,"menu_order":0,"comment_status":"closed","ping_status":"closed","template":"elementor_header_footer","meta":{"footnotes":""},"class_list":["post-236","page","type-page","status-publish","hentry"],"_links":{"self":[{"href":"https:\/\/valuation-advisors.com\/pt\/wp-json\/wp\/v2\/pages\/236","targetHints":{"allow":["GET"]}}],"collection":[{"href":"https:\/\/valuation-advisors.com\/pt\/wp-json\/wp\/v2\/pages"}],"about":[{"href":"https:\/\/valuation-advisors.com\/pt\/wp-json\/wp\/v2\/types\/page"}],"author":[{"embeddable":true,"href":"https:\/\/valuation-advisors.com\/pt\/wp-json\/wp\/v2\/users\/1"}],"replies":[{"embeddable":true,"href":"https:\/\/valuation-advisors.com\/pt\/wp-json\/wp\/v2\/comments?post=236"}],"version-history":[{"count":24,"href":"https:\/\/valuation-advisors.com\/pt\/wp-json\/wp\/v2\/pages\/236\/revisions"}],"predecessor-version":[{"id":373,"href":"https:\/\/valuation-advisors.com\/pt\/wp-json\/wp\/v2\/pages\/236\/revisions\/373"}],"wp:attachment":[{"href":"https:\/\/valuation-advisors.com\/pt\/wp-json\/wp\/v2\/media?parent=236"}],"curies":[{"name":"wp","href":"https:\/\/api.w.org\/{rel}","templated":true}]}}